{"id":30,"date":"2015-06-16T22:03:16","date_gmt":"2015-06-16T20:03:16","guid":{"rendered":"http:\/\/www.sonja-kunst.de\/?page_id=30"},"modified":"2026-01-27T12:36:36","modified_gmt":"2026-01-27T11:36:36","slug":"vita","status":"publish","type":"page","link":"https:\/\/www.sonja-kunst.de\/?page_id=30","title":{"rendered":"Vita et Labor"},"content":{"rendered":"<p style=\"text-align: center;\"><a href=\"http:\/\/www.sonja-kunst.de\/wp-content\/uploads\/2015\/06\/Knoop-36.jpg\"><img loading=\"lazy\" decoding=\"async\" class=\"alignnone size-medium wp-image-46\" src=\"http:\/\/www.sonja-kunst.de\/wp-content\/uploads\/2015\/06\/Knoop-36-217x300.jpg\" alt=\"Knoop- (36)\" width=\"217\" height=\"300\" srcset=\"https:\/\/www.sonja-kunst.de\/wp-content\/uploads\/2015\/06\/Knoop-36-217x300.jpg 217w, https:\/\/www.sonja-kunst.de\/wp-content\/uploads\/2015\/06\/Knoop-36-108x150.jpg 108w, https:\/\/www.sonja-kunst.de\/wp-content\/uploads\/2015\/06\/Knoop-36-740x1024.jpg 740w\" sizes=\"auto, (max-width: 217px) 100vw, 217px\" \/><\/a><\/p>\n<hr \/>\n<p>Die geb\u00fcrtige L\u00fcbeckerin Sonja Knoop, Jahrgang 1964, entdeckte die Malerei als Beruf 2007 f\u00fcr sich.<\/p>\n<p>Alles, was ihre Werke heute ausmacht, hat sich die Autodidaktin im Selbststudium angeeignet und in ihrem Atelier bei der experimentellen Arbeit vertieft und erweitert.<\/p>\n<p>H\u00e4ufig verwendete Materialien sind Sand, Wandfarbe und Modellierpasten, aber auch Fundst\u00fccke vom nahen Strand wie Muscheln, Scherben oder Holz, aus denen sie mit Textilien, Verpackungsmaterial, Papier oder Metall und unvergleichlichen Farbmischungen einzigartige Collagen anfertigt.<\/p>\n<p>Sonja Knoop arbeitet mit Acryl-oder \u00d6lfarbe, die pur oder gemischt, fl\u00fcssig oder past\u00f6s aufgetragen wird. Neben herk\u00f6mmlichen Farben kommen immer wieder Metallfarben und S\u00e4uren zum Einsatz, die durch die chemische Reaktion miteinander echte Patina- und Rosteffekte verursachen. Akzente setzt sie durch Kreide oder Kohle, eingestreute Pigmente und diverse Effektfarben, die nach dem eigentlichen Farbauftrag in die reliefartigen Strukturen gestreut, gesprayt, gesch\u00fcttet oder gespritzt werden.<\/p>\n<p>Neben eigenen Ideen verwirklicht Sonja Knoop professionell individuelle Kundenw\u00fcnsche und fertigt eindrucksvolle Arbeiten an, die sich an den Vorstellungen und Vorgaben der Auftraggeber in Format, Gestaltung und Ausdruck orientieren und die doch den ganz eigenen, unverwechselbaren Stil der K\u00fcnstlerin wiedergeben.<\/p>\n<p>2010 schlie\u00dft sie sich mit anderen K\u00fcnstlern f\u00fcr einige Zeit im Bilderwerk Hamburg zusammen und zeigt in den folgenden Jahren ihre Bilder h\u00e4ufig in Einzel-oder Gruppenausstellungen in Hamburg und Schleswig-Holstein.<\/p>\n<p>2012 kehrt sie der Gro\u00dfstadt Hamburg den R\u00fccken, zieht mit ihrer Familie in ihr Elternhaus in Sierksdorf an der Ostsee und findet ihr neues Atelier im nahen Neustadt i. Holstein.<\/p>\n<p>2013 lernt sie den russischen K\u00fcnstler Alexander Ignatkov kennen, der Sonja Knoop f\u00f6rdert, ihr Werk ma\u00dfgeblich beeinflu\u00dft und erweitert. Zun\u00e4chst betreiben die beiden gemeinsam eine Malschule im Neust\u00e4dter Atelier. Nach dem altersbedingten R\u00fcckzug von Alexander Ignatkov 2020 erweitert sie das kreative Angebot und so wird ihr Atelier zur festen Gr\u00f6\u00dfe f\u00fcr Maleinsteiger und -fortgeschrittene in der L\u00fcbecker Bucht.<\/p>\n<p>Seit 2014 ist Sonja Knoop engagiertes Mitglied des F\u00f6rdervereins Bildende Kunst Ostholstein e.V. und zeigt ihre Werke seither auf s\u00e4mtlichen Ausstellungen des Vereins im Gro\u00dfraum Schleswig-Holsteins.<\/p>\n<p>2017 erfolgt die erste internationale Ausstellung in Moskau, Russland, wo ihre Werke seither in diversen Galerien zu sehen sind. Inzwischen sind weitere Auslandsausstellungen in Indien (2025,2026), Italien (2025) und Bangladesh (2026) hinzugekommen.<\/p>\n<p>Sonja Knoop ist Mitglied des Sch\u00f6pferischen B\u00fcndnisses Russischer Kreativer,\u00a0 2025 wurde ihr der Ehrendoktortitel der Kunsthochschule in Moskau verliehen.<\/p>\n<p>In den letzten Jahren wird sie mit ihrem Werk auch durch mehrere Galerien vertreten.<\/p>\n<hr \/>\n<p>Atelierimpressionen<\/p>\n<figure id=\"attachment_386\" aria-describedby=\"caption-attachment-386\" style=\"width: 640px\" class=\"wp-caption aligncenter\"><img loading=\"lazy\" decoding=\"async\" class=\"wp-image-386 size-large\" src=\"http:\/\/www.sonja-kunst.de\/wp-content\/uploads\/2015\/06\/RIMG0038-1024x768.jpg\" alt=\"Exif_JPEG_PICTURE\" width=\"640\" height=\"480\" srcset=\"https:\/\/www.sonja-kunst.de\/wp-content\/uploads\/2015\/06\/RIMG0038-1024x768.jpg 1024w, https:\/\/www.sonja-kunst.de\/wp-content\/uploads\/2015\/06\/RIMG0038-150x113.jpg 150w, https:\/\/www.sonja-kunst.de\/wp-content\/uploads\/2015\/06\/RIMG0038-300x225.jpg 300w, https:\/\/www.sonja-kunst.de\/wp-content\/uploads\/2015\/06\/RIMG0038-768x576.jpg 768w\" sizes=\"auto, (max-width: 640px) 100vw, 640px\" \/><figcaption id=\"caption-attachment-386\" class=\"wp-caption-text\">Vorbereitung Kunst trifft Kunst 2015<\/figcaption><\/figure>\n<p><img loading=\"lazy\" decoding=\"async\" class=\"aligncenter wp-image-387 size-large\" src=\"http:\/\/www.sonja-kunst.de\/wp-content\/uploads\/2015\/06\/20150831_143550-1024x576.jpg\" alt=\"20150831_143550\" width=\"640\" height=\"360\" srcset=\"https:\/\/www.sonja-kunst.de\/wp-content\/uploads\/2015\/06\/20150831_143550-1024x576.jpg 1024w, https:\/\/www.sonja-kunst.de\/wp-content\/uploads\/2015\/06\/20150831_143550-150x84.jpg 150w, https:\/\/www.sonja-kunst.de\/wp-content\/uploads\/2015\/06\/20150831_143550-300x169.jpg 300w, https:\/\/www.sonja-kunst.de\/wp-content\/uploads\/2015\/06\/20150831_143550-768x432.jpg 768w\" sizes=\"auto, (max-width: 640px) 100vw, 640px\" \/><\/p>\n","protected":false},"excerpt":{"rendered":"<p>Die geb\u00fcrtige L\u00fcbeckerin Sonja Knoop, Jahrgang 1964, entdeckte die Malerei als Beruf 2007 f\u00fcr sich. Alles, was ihre Werke heute ausmacht, hat sich die Autodidaktin im Selbststudium angeeignet und in ihrem Atelier bei der experimentellen Arbeit vertieft und erweitert. H\u00e4ufig verwendete Materialien sind Sand, Wandfarbe und Modellierpasten, aber auch Fundst\u00fccke vom nahen Strand wie Muscheln, &hellip;<\/p>\n<p class=\"read-more\"> <a class=\"\" href=\"https:\/\/www.sonja-kunst.de\/?page_id=30\"> <span class=\"screen-reader-text\">Vita et Labor<\/span> Weiterlesen &raquo;<\/a><\/p>\n","protected":false},"author":1,"featured_media":0,"parent":0,"menu_order":10,"comment_status":"closed","ping_status":"open","template":"","meta":{"_uag_custom_page_level_css":"","site-sidebar-layout":"default","site-content-layout":"","ast-site-content-layout":"default","site-content-style":"default","site-sidebar-style":"default","ast-global-header-display":"","ast-banner-title-visibility":"","ast-main-header-display":"","ast-hfb-above-header-display":"","ast-hfb-below-header-display":"","ast-hfb-mobile-header-display":"","site-post-title":"","ast-breadcrumbs-content":"","ast-featured-img":"","footer-sml-layout":"","theme-transparent-header-meta":"","adv-header-id-meta":"","stick-header-meta":"","header-above-stick-meta":"","header-main-stick-meta":"","header-below-stick-meta":"","astra-migrate-meta-layouts":"set","ast-page-background-enabled":"default","ast-page-background-meta":{"desktop":{"background-color":"var(--ast-global-color-4)","background-image":"","background-repeat":"repeat","background-position":"center center","background-size":"auto","background-attachment":"scroll","background-type":"","background-media":"","overlay-type":"","overlay-color":"","overlay-gradient":""},"tablet":{"background-color":"","background-image":"","background-repeat":"repeat","background-position":"center center","background-size":"auto","background-attachment":"scroll","background-type":"","background-media":"","overlay-type":"","overlay-color":"","overlay-gradient":""},"mobile":{"background-color":"","background-image":"","background-repeat":"repeat","background-position":"center center","background-size":"auto","background-attachment":"scroll","background-type":"","background-media":"","overlay-type":"","overlay-color":"","overlay-gradient":""}},"ast-content-background-meta":{"desktop":{"background-color":"var(--ast-global-color-5)","background-image":"","background-repeat":"repeat","background-position":"center center","background-size":"auto","background-attachment":"scroll","background-type":"","background-media":"","overlay-type":"","overlay-color":"","overlay-gradient":""},"tablet":{"background-color":"var(--ast-global-color-5)","background-image":"","background-repeat":"repeat","background-position":"center center","background-size":"auto","background-attachment":"scroll","background-type":"","background-media":"","overlay-type":"","overlay-color":"","overlay-gradient":""},"mobile":{"background-color":"var(--ast-global-color-5)","background-image":"","background-repeat":"repeat","background-position":"center center","background-size":"auto","background-attachment":"scroll","background-type":"","background-media":"","overlay-type":"","overlay-color":"","overlay-gradient":""}},"footnotes":""},"class_list":["post-30","page","type-page","status-publish","hentry"],"uagb_featured_image_src":{"full":false,"thumbnail":false,"medium":false,"medium_large":false,"large":false,"1536x1536":false,"2048x2048":false},"uagb_author_info":{"display_name":"sonja_admin","author_link":"https:\/\/www.sonja-kunst.de\/?author=1"},"uagb_comment_info":0,"uagb_excerpt":"Die geb\u00fcrtige L\u00fcbeckerin Sonja Knoop, Jahrgang 1964, entdeckte die Malerei als Beruf 2007 f\u00fcr sich. Alles, was ihre Werke heute ausmacht, hat sich die Autodidaktin im Selbststudium angeeignet und in ihrem Atelier bei der experimentellen Arbeit vertieft und erweitert. H\u00e4ufig verwendete Materialien sind Sand, Wandfarbe und Modellierpasten, aber auch Fundst\u00fccke vom nahen Strand wie Muscheln,&hellip;","_links":{"self":[{"href":"https:\/\/www.sonja-kunst.de\/index.php?rest_route=\/wp\/v2\/pages\/30","targetHints":{"allow":["GET"]}}],"collection":[{"href":"https:\/\/www.sonja-kunst.de\/index.php?rest_route=\/wp\/v2\/pages"}],"about":[{"href":"https:\/\/www.sonja-kunst.de\/index.php?rest_route=\/wp\/v2\/types\/page"}],"author":[{"embeddable":true,"href":"https:\/\/www.sonja-kunst.de\/index.php?rest_route=\/wp\/v2\/users\/1"}],"replies":[{"embeddable":true,"href":"https:\/\/www.sonja-kunst.de\/index.php?rest_route=%2Fwp%2Fv2%2Fcomments&post=30"}],"version-history":[{"count":12,"href":"https:\/\/www.sonja-kunst.de\/index.php?rest_route=\/wp\/v2\/pages\/30\/revisions"}],"predecessor-version":[{"id":1751,"href":"https:\/\/www.sonja-kunst.de\/index.php?rest_route=\/wp\/v2\/pages\/30\/revisions\/1751"}],"wp:attachment":[{"href":"https:\/\/www.sonja-kunst.de\/index.php?rest_route=%2Fwp%2Fv2%2Fmedia&parent=30"}],"curies":[{"name":"wp","href":"https:\/\/api.w.org\/{rel}","templated":true}]}}